{"id":28,"date":"2024-05-04T02:49:26","date_gmt":"2024-05-04T01:49:26","guid":{"rendered":"https:\/\/tamangarment.com\/?page_id=28"},"modified":"2024-05-16T03:12:35","modified_gmt":"2024-05-16T02:12:35","slug":"trang-chu","status":"publish","type":"page","link":"https:\/\/tamangarment.com\/en\/","title":{"rendered":"Home Page"},"content":{"rendered":"<div class=\"slider-wrapper relative\" id=\"slider-845761618\" >\n    <div class=\"slider slider-nav-circle slider-nav-large slider-nav-light slider-style-normal\"\n        data-flickity-options='{            \"cellAlign\": \"center\",            \"imagesLoaded\": true,            \"lazyLoad\": 1,            \"freeScroll\": false,            \"wrapAround\": true,            \"autoPlay\": 6000,            \"pauseAutoPlayOnHover\" : true,            \"prevNextButtons\": true,            \"contain\" : true,            \"adaptiveHeight\" : true,            \"dragThreshold\" : 10,            \"percentPosition\": true,            \"pageDots\": true,            \"rightToLeft\": false,            \"draggable\": true,            \"selectedAttraction\": 0.1,            \"parallax\" : 0,            \"friction\": 0.6        }'\n        >\n        \n\n\n  <div class=\"banner has-hover is-full-height\" id=\"banner-1588699056\">\n          <div class=\"banner-inner fill\">\n        <div class=\"banner-bg fill\" >\n            <div class=\"bg fill bg-fill\"><\/div>\n                        <div class=\"overlay\"><\/div>            \n                    <\/div>\n\t\t\n        <div class=\"banner-layers container\">\n            <div class=\"fill banner-link\"><\/div>            \n\n   <div id=\"text-box-931489731\" class=\"text-box banner-layer x50 md-x50 lg-x50 y50 md-y50 lg-y50 res-text\">\n              <div data-parallax=\"-1\" data-parallax-fade=\"true\">       <div data-animate=\"bounceIn\">           <div class=\"text-box-content text dark\">\n              \n              <div class=\"text-inner text-center\">\n                  \n\n<p class=\"alt-font\"><span style=\"font-size: 160%;\">Company<\/span><\/p>\n<h2 class=\"uppercase\"><strong><span class=\"calisto-font\" style=\"font-size: 200%;\" data-line-height=\"xs\">Tam An Garment<\/span><\/strong><\/h2>\n<div id=\"gtx-trans\" style=\"position: absolute; left: 112px; top: 285.109px;\">\n<div class=\"gtx-trans-icon\">\u00a0<\/div>\n<\/div>\n<h3 class=\"lead uppercase\" data-line-height=\"m\">PROCESSING AND PRODUCTION<\/h3>\n<h3 data-line-height=\"m\">DOMESTIC<\/h3>\n<h3 data-line-height=\"m\">EXPORT<\/h3>\n<div id=\"gtx-trans\" style=\"position: absolute; left: 81px; top: 147.938px;\">\n<div class=\"gtx-trans-icon\">\u00a0<\/div>\n<\/div>\n<a href=\"https:\/\/tamangarment.com\/en\/lien-he\/\" target=\"_self\" class=\"button primary\"  style=\"border-radius:99px;\">\n    <span>Contact<\/span>\n  <\/a>\n\n\n\n              <\/div>\n           <\/div>\n       <\/div>       <\/div>              \n<style>\n#text-box-931489731 {\n  width: 80%;\n}\n#text-box-931489731 .text-box-content {\n  font-size: 100%;\n}\n@media (min-width:550px) {\n  #text-box-931489731 {\n    width: 61%;\n  }\n}\n<\/style>\n    <\/div>\n \n\n        <\/div>\n      <\/div>\n\n            \n<style>\n#banner-1588699056 {\n  padding-top: 100%;\n}\n#banner-1588699056 .bg.bg-loaded {\n  background-image: url(https:\/\/tamangarment.com\/wp-content\/uploads\/2024\/05\/IMG_5583_1.jpg);\n}\n#banner-1588699056 .overlay {\n  background-color: rgba(0, 0, 0, 0.5);\n}\n#banner-1588699056 .bg {\n  background-position: 68% 27%;\n}\n#banner-1588699056 .ux-shape-divider--top svg {\n  height: 150px;\n  --divider-top-width: 100%;\n}\n#banner-1588699056 .ux-shape-divider--bottom svg {\n  height: 150px;\n  --divider-width: 100%;\n}\n<\/style>\n  <\/div>\n\n\n\n  <div class=\"banner has-hover is-full-height\" id=\"banner-1575621762\">\n          <div class=\"banner-inner fill\">\n        <div class=\"banner-bg fill\" >\n            <div class=\"bg fill bg-fill\"><\/div>\n                        <div class=\"overlay\"><\/div>            \n                    <\/div>\n\t\t\n        <div class=\"banner-layers container\">\n            <div class=\"fill banner-link\"><\/div>            \n\n\n        <\/div>\n      <\/div>\n\n            \n<style>\n#banner-1575621762 {\n  padding-top: 100%;\n}\n#banner-1575621762 .bg.bg-loaded {\n  background-image: url(https:\/\/tamangarment.com\/wp-content\/uploads\/2024\/05\/IMG_5578.jpg);\n}\n#banner-1575621762 .overlay {\n  background-color: rgba(0,0,0,.5);\n}\n#banner-1575621762 .bg {\n  background-position: 68% 11%;\n}\n#banner-1575621762 .ux-shape-divider--top svg {\n  height: 150px;\n  --divider-top-width: 100%;\n}\n#banner-1575621762 .ux-shape-divider--bottom svg {\n  height: 150px;\n  --divider-width: 100%;\n}\n<\/style>\n  <\/div>\n\n\n\n     <\/div>\n\n     <div class=\"loading-spin dark large centered\"><\/div>\n\n     \t<\/div>\n\n\n<div class=\"row row-collapse row-full-width\"  id=\"row-1354754070\">\n\n\n\t<div id=\"col-479835870\" class=\"col medium-4 small-12 large-4\"  >\n\t\t\t\t<div class=\"col-inner\"  >\n\t\t\t\n\t\t\t\n\n\n  <div class=\"banner has-hover bg-zoom-fade\" id=\"banner-271992844\">\n          <div class=\"banner-inner fill\">\n        <div class=\"banner-bg fill\" >\n            <div class=\"bg fill bg-fill\"><\/div>\n                        <div class=\"overlay\"><\/div>            \n                    <\/div>\n\t\t\n        <div class=\"banner-layers container\">\n            <div class=\"fill banner-link\"><\/div>            \n\n   <div id=\"text-box-922973438\" class=\"text-box banner-layer x50 md-x50 lg-x50 y50 md-y50 lg-y50 res-text\">\n                                <div class=\"text-box-content text dark\">\n              \n              <div class=\"text-inner text-center\">\n                  \n\n<h4 class=\"uppercase\">summer products<\/h4>\n<h2 class=\"uppercase\"><strong>SPORTS PANTS<\/strong><\/h2>\n<div id=\"gtx-trans\" style=\"position: absolute; left: 180px; top: 90.8906px;\">\n<div class=\"gtx-trans-icon\">\u00a0<\/div>\n<\/div>\n<a href=\"https:\/\/tamangarment.com\/en\/lien-he\/\" target=\"_self\" class=\"button white is-outline\"  style=\"border-radius:99px;\">\n    <span>Contact<\/span>\n  <\/a>\n\n\n\n              <\/div>\n           <\/div>\n                            \n<style>\n#text-box-922973438 {\n  width: 75%;\n}\n#text-box-922973438 .text-box-content {\n  font-size: 100%;\n}\n<\/style>\n    <\/div>\n \n\n        <\/div>\n      <\/div>\n\n            \n<style>\n#banner-271992844 {\n  padding-top: 250px;\n}\n#banner-271992844 .bg.bg-loaded {\n  background-image: 7341;\n}\n#banner-271992844 .overlay {\n  background-color: rgba(0, 0, 0, 0.12);\n}\n#banner-271992844 .bg {\n  background-position: 42% 18%;\n}\n#banner-271992844 .ux-shape-divider--top svg {\n  height: 150px;\n  --divider-top-width: 100%;\n}\n#banner-271992844 .ux-shape-divider--bottom svg {\n  height: 150px;\n  --divider-width: 100%;\n}\n<\/style>\n  <\/div>\n\n\n\n\t\t<\/div>\n\t\t\t\t\t<\/div>\n\n\t\n\n\t<div id=\"col-1578173349\" class=\"col medium-4 small-12 large-4\"  >\n\t\t\t\t<div class=\"col-inner\"  >\n\t\t\t\n\t\t\t\n\n\n  <div class=\"banner has-hover bg-zoom-fade\" id=\"banner-636590083\">\n          <div class=\"banner-inner fill\">\n        <div class=\"banner-bg fill\" >\n            <div class=\"bg fill bg-fill\"><\/div>\n                        <div class=\"overlay\"><\/div>            \n                    <\/div>\n\t\t\n        <div class=\"banner-layers container\">\n            <div class=\"fill banner-link\"><\/div>            \n\n   <div id=\"text-box-630302765\" class=\"text-box banner-layer x10 md-x10 lg-x10 y50 md-y50 lg-y50 res-text\">\n                                <div class=\"text-box-content text dark\">\n              \n              <div class=\"text-inner text-left\">\n                  \n\n<h4 class=\"uppercase\">winter goods<\/h4>\n<h2 class=\"uppercase\"><strong>OUTDOOR MEGATEX SPORT PANTS<\/strong><\/h2>\n<div id=\"gtx-trans\" style=\"position: absolute; left: 105px; top: -6.85938px;\">\n<div class=\"gtx-trans-icon\">\u00a0<\/div>\n<\/div>\n<a href=\"https:\/\/tamangarment.com\/en\/lien-he\/\" target=\"_self\" class=\"button white is-outline\"  style=\"border-radius:99px;\">\n    <span>CONTACT<\/span>\n  <\/a>\n\n\n\n              <\/div>\n           <\/div>\n                            \n<style>\n#text-box-630302765 {\n  width: 70%;\n}\n#text-box-630302765 .text-box-content {\n  font-size: 100%;\n}\n<\/style>\n    <\/div>\n \n\n        <\/div>\n      <\/div>\n\n            \n<style>\n#banner-636590083 {\n  padding-top: 250px;\n}\n#banner-636590083 .bg.bg-loaded {\n  background-image: 4085;\n}\n#banner-636590083 .overlay {\n  background-color: rgba(0, 0, 0, 0.2);\n}\n#banner-636590083 .bg {\n  background-position: 50% 57%;\n}\n#banner-636590083 .ux-shape-divider--top svg {\n  height: 150px;\n  --divider-top-width: 100%;\n}\n#banner-636590083 .ux-shape-divider--bottom svg {\n  height: 150px;\n  --divider-width: 100%;\n}\n<\/style>\n  <\/div>\n\n\n\n\t\t<\/div>\n\t\t\t\t\t<\/div>\n\n\t\n\n\t<div id=\"col-1180499247\" class=\"col medium-4 small-12 large-4\"  >\n\t\t\t\t<div class=\"col-inner\"  >\n\t\t\t\n\t\t\t\n\n\n  <div class=\"banner has-hover bg-zoom-fade\" id=\"banner-1801146414\">\n          <div class=\"banner-inner fill\">\n        <div class=\"banner-bg fill\" >\n            <div class=\"bg fill bg-fill\"><\/div>\n                        <div class=\"overlay\"><\/div>            \n                    <\/div>\n\t\t\n        <div class=\"banner-layers container\">\n            <div class=\"fill banner-link\"><\/div>            \n\n   <div id=\"text-box-1309627238\" class=\"text-box banner-layer x90 md-x90 lg-x90 y50 md-y50 lg-y50 res-text\">\n                                <div class=\"text-box-content text dark\">\n              \n              <div class=\"text-inner text-right\">\n                  \n\n<h4 class=\"uppercase\">ACCEPT ORDERS<\/h4>\n<h2 class=\"uppercase\"><strong>PRODUCTION ON DEMAND<\/strong><\/h2>\n<div id=\"gtx-trans\" style=\"position: absolute; left: 79px; top: -6.85938px;\">\n<div class=\"gtx-trans-icon\">\u00a0<\/div>\n<\/div>\n<a href=\"https:\/\/tamangarment.com\/en\/lien-he\/\" target=\"_self\" class=\"button white is-outline\"  style=\"border-radius:99px;\">\n    <span>CONTACT<\/span>\n  <\/a>\n\n\n\n              <\/div>\n           <\/div>\n                            \n<style>\n#text-box-1309627238 {\n  width: 70%;\n}\n#text-box-1309627238 .text-box-content {\n  font-size: 100%;\n}\n<\/style>\n    <\/div>\n \n\n        <\/div>\n      <\/div>\n\n            \n<style>\n#banner-1801146414 {\n  padding-top: 250px;\n}\n#banner-1801146414 .bg.bg-loaded {\n  background-image: 4120;\n}\n#banner-1801146414 .overlay {\n  background-color: rgba(0, 0, 0, 0.13);\n}\n#banner-1801146414 .bg {\n  background-position: 31% 0%;\n}\n#banner-1801146414 .ux-shape-divider--top svg {\n  height: 150px;\n  --divider-top-width: 100%;\n}\n#banner-1801146414 .ux-shape-divider--bottom svg {\n  height: 150px;\n  --divider-width: 100%;\n}\n<\/style>\n  <\/div>\n\n\n\n\t\t<\/div>\n\t\t\t\t\t<\/div>\n\n\t\n\n<\/div>\n<div class=\"row align-middle align-center\"  id=\"row-194239117\">\n\n\n\t<div id=\"col-1714875861\" class=\"col medium-6 small-12 large-6\"  >\n\t\t\t\t<div class=\"col-inner text-center\"  >\n\t\t\t\n\t\t\t\n\n\t<div class=\"img has-hover x md-x lg-x y md-y lg-y\" id=\"image_651886379\">\n\t\t\t\t\t\t\t\t<div class=\"img-inner dark\" >\n\t\t\t<img loading=\"lazy\" decoding=\"async\" width=\"683\" height=\"1024\" src=\"https:\/\/tamangarment.com\/wp-content\/uploads\/2024\/05\/banner-homepage-final.jpg\" class=\"attachment-large size-large\" alt=\"\" \/>\t\t\t\t\t\t\n\t\t\t\t\t<\/div>\n\t\t\t\t\t\t\t\t\n<style>\n#image_651886379 {\n  width: 100%;\n}\n<\/style>\n\t<\/div>\n\t\n\n\n\t\t<\/div>\n\t\t\t\t\n<style>\n#col-1714875861 > .col-inner {\n  padding: 40px 0px 0px 0px;\n}\n<\/style>\n\t<\/div>\n\n\t\n\n\t<div id=\"col-1133618592\" class=\"col medium-6 small-12 large-6\"  >\n\t\t\t\t<div class=\"col-inner text-center\"  >\n\t\t\t\n\t\t\t\n\n<h2 data-line-height=\"s\" class=\"calisto-font\">Company<\/h2>\n<h2 class=\"uppercase\"><span style=\"font-size: 160%;\" data-line-height=\"s\" class=\"calisto-font\">Tam An Garment<\/span><\/h2>\n<p>\u00a0<\/p>\n<p style=\"text-align: left;\">Tam An Garment Co., Ltd., tax code: 3502448418, established in March 2021, specializes in manufacturing and processing high quality outdoor sport garments, exporting mainly to the European market.<\/p>\n<p style=\"text-align: left;\">Invested with variety modern sewing machines, along with a team of skillful and experienced managers, technicians, sewing workers specializing in outdoor garments, production capacity is about 5000 - 8000 products\/month (depending on product design).<\/p>\n<p style=\"text-align: left;\">Our company ensures for the quality and progress according to your requirements.<\/p>\n\n<a href=\"https:\/\/tamangarment.com\/en\/lien-he\/\" target=\"_self\" class=\"button primary is-outline is-small\"  style=\"border-radius:99px;\">\n    <span>CONTACT<\/span>\n  <\/a>\n\n\n\n\t\t<\/div>\n\t\t\t\t\n<style>\n#col-1133618592 > .col-inner {\n  padding: 40px 0px 0px 0px;\n}\n<\/style>\n\t<\/div>\n\n\t\n\n<\/div>\n<div class=\"row align-center\"  id=\"row-2110663038\">\n\n\n\t<div id=\"col-677286114\" class=\"col small-12 large-12\"  >\n\t\t\t\t<div class=\"col-inner text-left\"  >\n\t\t\t\n\t\t\t\n\n<div class=\"container section-title-container\" ><h3 class=\"section-title section-title-center\"><b><\/b><span class=\"section-title-main\" style=\"font-size:undefined%;\">Product Catalogue<\/span><b><\/b><\/h3><\/div>\n\n<p style=\"text-align: center;\"><strong>Tam An Garment Co., Ltd.,<\/strong> specializes in manufacturing and processing outdoor wear sport garments, mainly seasonal outdoor sport pants.<\/p>\n\n  \n    <div class=\"row large-columns-2 medium-columns- small-columns- row-small row-full-width\">\n  <div class=\"product-category col\" data-animate=\"fadeInUp\">\n            <div class=\"col-inner\">\n              <a aria-label=\"Visit product category H\u00e0ng M\u00f9a H\u00e8\" href=\"https:\/\/tamangarment.com\/en\/product-category\/hang-mua-he\/\" data-no-translation-aria-label=\"\">                <div class=\"box box-category has-hover box-overlay dark box-text-middle\">\n                <div class=\"box-image\" >\n                  <div class=\"image-zoom image-glow\" >\n                  <img loading=\"lazy\" decoding=\"async\" src=\"https:\/\/tamangarment.com\/wp-content\/uploads\/2024\/05\/New-cloth-collection-Fashion-Instagram-Post-deleted-logo.jpg\" alt=\"H\u00e0ng M\u00f9a H\u00e8\" width=\"300\" height=\"300\" \/>                  <div class=\"overlay\" style=\"background-color: 1\"><\/div>                                    <\/div>\n                <\/div>\n                <div class=\"box-text text-center is-large\" >\n                  <div class=\"box-text-inner\">\n                      <h5 class=\"uppercase header-title\">\n                              Summer products                      <\/h5>\n                                            <p class=\"is-xsmall uppercase count show-on-hover hover-reveal reveal-small\">\n\t                      8 Products                      <\/p>\n                                            \n                  <\/div>\n                <\/div>\n                <\/div>\n            <\/a>            <\/div>\n            <\/div><div class=\"product-category col\" data-animate=\"fadeInUp\">\n            <div class=\"col-inner\">\n              <a aria-label=\"Visit product category H\u00e0ng M\u00f9a \u0110\u00f4ng\" href=\"https:\/\/tamangarment.com\/en\/product-category\/hang-mua-dong\/\" data-no-translation-aria-label=\"\">                <div class=\"box box-category has-hover box-overlay dark box-text-middle\">\n                <div class=\"box-image\" >\n                  <div class=\"image-zoom image-glow\" >\n                  <img loading=\"lazy\" decoding=\"async\" src=\"https:\/\/tamangarment.com\/wp-content\/uploads\/2024\/05\/New-Collection-Kids-Clothes-For-Boys-Instagram-Post-fixed.jpg\" alt=\"H\u00e0ng M\u00f9a \u0110\u00f4ng\" width=\"300\" height=\"300\" \/>                  <div class=\"overlay\" style=\"background-color: 1\"><\/div>                                    <\/div>\n                <\/div>\n                <div class=\"box-text text-center is-large\" >\n                  <div class=\"box-text-inner\">\n                      <h5 class=\"uppercase header-title\">\n                              Winter products                      <\/h5>\n                                            <p class=\"is-xsmall uppercase count show-on-hover hover-reveal reveal-small\">\n\t                      4 Products                      <\/p>\n                                            \n                  <\/div>\n                <\/div>\n                <\/div>\n            <\/a>            <\/div>\n            <\/div><\/div>\n\n<div class=\"row\"  id=\"row-1948757427\">\n\n\n\t<div id=\"col-92146581\" class=\"col small-12 large-12\"  >\n\t\t\t\t<div class=\"col-inner text-center\"  >\n\t\t\t\n\t\t\t\n\n<a href=\"https:\/\/tamangarment.com\/en\/shop\/\" target=\"_self\" class=\"button primary is-outline is-small\"  style=\"border-radius:99px;\">\n  <i class=\"icon-shopping-cart\" ><\/i>  <span>All products<\/span>\n  <\/a>\n\n\n\n\t\t<\/div>\n\t\t\t\t\t<\/div>\n\n\t\n\n<\/div>\n\n\t\t<\/div>\n\t\t\t\t\t<\/div>\n\n\t\n\n<\/div>\n\n  <div class=\"banner has-hover has-parallax\" id=\"banner-1881642539\">\n          <div class=\"banner-inner fill\">\n        <div class=\"banner-bg fill\" data-parallax=\"-3\" data-parallax-container=\".banner\" data-parallax-background>\n            <div class=\"bg fill bg-fill\"><\/div>\n                                    \n                    <\/div>\n\t\t\n        <div class=\"banner-layers container\">\n            <div class=\"fill banner-link\"><\/div>            \n\n   <div id=\"text-box-158361548\" class=\"text-box banner-layer x50 md-x50 lg-x50 y50 md-y50 lg-y50 res-text\">\n                     <div data-animate=\"fadeInRight\">           <div class=\"text-box-content text dark\">\n              \n              <div class=\"text-inner text-center\">\n                  \n\n<h3 class=\"uppercase\" data-line-height=\"m\"><strong>DO YOU NEED OURDOOR WEAR SPORTS ITEMS?<\/strong><\/h3>\n<p data-line-height=\"m\">Please contact us to receive high quality products at the best price.<\/p>\n<div id=\"gtx-trans\" style=\"position: absolute; left: 74px; top: 111.156px;\">\n<div class=\"gtx-trans-icon\">\u00a0<\/div>\n<\/div>\n<a href=\"tel:0901443521\" target=\"_self\" class=\"button primary is-shade is-large box-shadow-3 box-shadow-5-hover\"  style=\"border-radius:5px;\">\n    <span>HOTLINE: 0901.443.521<\/span>\n  <\/a>\n\n\n\n              <\/div>\n           <\/div>\n       <\/div>                     \n<style>\n#text-box-158361548 {\n  width: 79%;\n}\n#text-box-158361548 .text-box-content {\n  font-size: 158%;\n}\n@media (min-width:550px) {\n  #text-box-158361548 {\n    width: 61%;\n  }\n  #text-box-158361548 .text-box-content {\n    font-size: 100%;\n  }\n}\n<\/style>\n    <\/div>\n \n\n        <\/div>\n      <\/div>\n\n            \n<style>\n#banner-1881642539 {\n  padding-top: 426px;\n}\n#banner-1881642539 .bg.bg-loaded {\n  background-image: 8093;\n}\n#banner-1881642539 .bg {\n  background-position: 72% 78%;\n}\n#banner-1881642539 .ux-shape-divider--top svg {\n  height: 150px;\n  --divider-top-width: 100%;\n}\n#banner-1881642539 .ux-shape-divider--bottom svg {\n  height: 150px;\n  --divider-width: 100%;\n}\n<\/style>\n  <\/div>\n\n\n<div class=\"row align-middle\"  id=\"row-240333735\">\n\n\n\t<div id=\"col-1075125024\" class=\"col medium-7 small-12 large-7\"  data-animate=\"fadeInUp\">\n\t\t\t\t<div class=\"col-inner text-left\"  >\n\t\t\t\n\t\t\t\n\n<h3 class=\"uppercase\"><span style=\"font-size: 160%;\" data-line-height=\"s\">summer products<\/span><\/h3>\n<p>\u00a0<\/p>\n<p>Produced with thin, light, breathable fabric, two-way and four-way elastic, accessories include many zippers and pockets, suitable for mountain climbing, trekking, and picnic activities in summer.<\/p>\n<p>Typical products:<\/p>\n<ul>\n<li>Classic style men\u2019s\/ ladies\u2019 long outdoor pants.<\/li>\n<li>Classic style men\u2019s\/ ladies\u2019 bermudas zip-off pants.<\/li>\n<li>Men\u2019s\/ ladies\u2019 outdoor bermudas\/ shorts.<\/li>\n<\/ul>\n<div id=\"gtx-trans\" style=\"position: absolute; left: 118px; top: 302.125px;\">\n<div class=\"gtx-trans-icon\">\u00a0<\/div>\n<\/div>\n<a href=\"https:\/\/tamangarment.com\/en\/shop\/\" target=\"_self\" class=\"button primary is-outline\"  style=\"border-radius:99px;\">\n  <i class=\"icon-shopping-cart\" ><\/i>  <span>product<\/span>\n  <\/a>\n\n\n\n\t\t<\/div>\n\t\t\t\t\t<\/div>\n\n\t\n\n\t<div id=\"col-815525831\" class=\"col medium-5 small-12 large-5\"  data-animate=\"fadeInUp\">\n\t\t\t\t<div class=\"col-inner\"  >\n\t\t\t\n\t\t\t\n\n\t<div class=\"img has-hover x md-x lg-x y md-y lg-y\" id=\"image_1027318855\">\n\t\t\t\t\t\t\t\t<div class=\"img-inner dark\" >\n\t\t\t<img loading=\"lazy\" decoding=\"async\" width=\"1020\" height=\"1020\" src=\"https:\/\/tamangarment.com\/wp-content\/uploads\/2024\/05\/New-cloth-collection-Fashion-Instagram-Post-deleted-logo.jpg\" class=\"attachment-large size-large\" alt=\"\" \/>\t\t\t\t\t\t\n\t\t\t\t\t<\/div>\n\t\t\t\t\t\t\t\t\n<style>\n#image_1027318855 {\n  width: 100%;\n}\n<\/style>\n\t<\/div>\n\t\n\n\n\t\t<\/div>\n\t\t\t\t\t<\/div>\n\n\t\n\n\n<style>\n#row-240333735 > .col > .col-inner {\n  padding: 30px 0px 30px 0px;\n}\n<\/style>\n<\/div>\n<div class=\"text-center\"><div class=\"is-divider divider clearfix\" style=\"max-width:250px;height:2px;\"><\/div><\/div>\n\n<div class=\"row align-middle\"  id=\"row-1748765825\">\n\n\n\t<div id=\"col-819237285\" class=\"col medium-7 small-12 large-7\"  data-animate=\"fadeInUp\">\n\t\t\t\t<div class=\"col-inner\"  >\n\t\t\t\n\t\t\t\n\n<h3 class=\"uppercase\"><span style=\"font-size: 32.256px;\">Winter products<\/span><\/h3>\n<p>\u00a0<\/p>\n<p>Produced with thin, light, breathable fabric, two-way and four-way elastic, accessories include many zippers and pockets, suitable for mountain climbing, trekking, and picnic activities in summer.<\/p>\n<p>Typical products:<\/p>\n<ul>\n<li>Men\u2019s\/ ladies\u2019 outdoor pants with Megaliner.<\/li>\n<li>Men\u2019s\/ ladies\u2019 classic style softshell pants.<\/li>\n<\/ul>\n<a href=\"https:\/\/tamangarment.com\/en\/shop\/\" target=\"_self\" class=\"button primary is-outline\"  style=\"border-radius:99px;\">\n  <i class=\"icon-shopping-cart\" ><\/i>  <span>product<\/span>\n  <\/a>\n\n\n\n\t\t<\/div>\n\t\t\t\t\t<\/div>\n\n\t\n\n\t<div id=\"col-1082648650\" class=\"col medium-5 small-12 large-5\"  data-animate=\"fadeInUp\">\n\t\t\t\t<div class=\"col-inner\"  >\n\t\t\t\n\t\t\t\n\n\t<div class=\"img has-hover x md-x lg-x y md-y lg-y\" id=\"image_761498382\">\n\t\t\t\t\t\t\t\t<div class=\"img-inner dark\" >\n\t\t\t<img loading=\"lazy\" decoding=\"async\" width=\"1020\" height=\"1020\" src=\"https:\/\/tamangarment.com\/wp-content\/uploads\/2024\/05\/New-Collection-Kids-Clothes-For-Boys-Instagram-Post-fixed.jpg\" class=\"attachment-large size-large\" alt=\"\" \/>\t\t\t\t\t\t\n\t\t\t\t\t<\/div>\n\t\t\t\t\t\t\t\t\n<style>\n#image_761498382 {\n  width: 100%;\n}\n<\/style>\n\t<\/div>\n\t\n\n\n\t\t<\/div>\n\t\t\t\t\t<\/div>\n\n\t\n\n\n<style>\n#row-1748765825 > .col > .col-inner {\n  padding: 30px 0px 30px 0px;\n}\n<\/style>\n<\/div>\n<div class=\"container section-title-container\" style=\"margin-top:30px;\"><h3 class=\"section-title section-title-center\"><b><\/b><span class=\"section-title-main\" style=\"font-size:undefined%;\">News &amp; Events<\/span><b><\/b><\/h3><\/div>\n\n\n  \n    <div class=\"row large-columns-3 medium-columns- small-columns-1\">\n  <div class=\"col post-item\" >\n\t\t\t<div class=\"col-inner\">\n\t\t\t<a href=\"https:\/\/tamangarment.com\/en\/hello-world\/\" class=\"plain\">\n\t\t\t\t<div class=\"box box-normal box-text-bottom box-blog-post has-hover\">\n            \t\t\t\t\t<div class=\"box-image\" style=\"width:95%;\">\n  \t\t\t\t\t\t<div class=\"image-cover\" style=\"padding-top:75%;\">\n  \t\t\t\t\t\t\t<img loading=\"lazy\" decoding=\"async\" width=\"300\" height=\"175\" src=\"https:\/\/tamangarment.com\/wp-content\/uploads\/2024\/04\/tuyendung.jpg\" class=\"attachment-medium size-medium wp-post-image\" alt=\"\" \/>  \t\t\t\t\t\t\t  \t\t\t\t\t\t\t  \t\t\t\t\t\t<\/div>\n  \t\t\t\t\t\t  \t\t\t\t\t<\/div>\n          \t\t\t\t\t<div class=\"box-text text-center\" >\n\t\t\t\t\t<div class=\"box-text-inner blog-post-inner\">\n\n\t\t\t\t\t\n\t\t\t\t\t\t\t\t\t\t<h5 class=\"post-title is-large uppercase\">Tan An Garment Co., Ltd. is recruiting<\/h5>\n\t\t\t\t\t\t\t\t\t\t<div class=\"is-divider\"><\/div>\n\t\t\t\t\t\t\t\t\t\t<p class=\"from_the_blog_excerpt\">HI\u1ec7n ch\u00fang t\u00f4i \u0111ang tuy\u1ec3n d\u1ee5ng nh\u00e2n s\u1ef1 c\u00e1c v\u1ecb tr\u00ed sau: &#8230;&#8230; [...]\t\t\t\t\t<\/p>\n\t\t\t\t\t                                            <p class=\"from_the_blog_comments uppercase is-xsmall\">\n                            1 Comments                        <\/p>\n                    \n\t\t\t\t\t\t\t\t\t\t\t<button href=\"https:\/\/tamangarment.com\/en\/hello-world\/\" class=\"button  is-outline is-small mb-0\">\n\t\t\t\t\t\t\tDetail\t\t\t\t\t\t<\/button>\n\t\t\t\t\t\n\t\t\t\t\t\n\t\t\t\t\t<\/div>\n\t\t\t\t\t<\/div>\n\t\t\t\t\t\t\t\t\t\t\t\t\t\t\t\t<div class=\"badge absolute top post-date badge-outline\">\n\t\t\t\t\t\t\t<div class=\"badge-inner\">\n\t\t\t\t\t\t\t\t<span class=\"post-date-day\">16<\/span><br>\n\t\t\t\t\t\t\t\t<span class=\"post-date-month is-xsmall\">Apr<\/span>\n\t\t\t\t\t\t\t<\/div>\n\t\t\t\t\t\t<\/div>\n\t\t\t\t\t\t\t\t\t<\/div>\n\t\t\t\t<\/a>\n\t\t\t<\/div>\n\t\t<\/div><\/div>","protected":false},"excerpt":{"rendered":"","protected":false},"author":1,"featured_media":0,"parent":0,"menu_order":0,"comment_status":"closed","ping_status":"closed","template":"page-transparent-header-light.php","meta":{"footnotes":""},"_links":{"self":[{"href":"https:\/\/tamangarment.com\/en\/wp-json\/wp\/v2\/pages\/28"}],"collection":[{"href":"https:\/\/tamangarment.com\/en\/wp-json\/wp\/v2\/pages"}],"about":[{"href":"https:\/\/tamangarment.com\/en\/wp-json\/wp\/v2\/types\/page"}],"author":[{"embeddable":true,"href":"https:\/\/tamangarment.com\/en\/wp-json\/wp\/v2\/users\/1"}],"replies":[{"embeddable":true,"href":"https:\/\/tamangarment.com\/en\/wp-json\/wp\/v2\/comments?post=28"}],"version-history":[{"count":0,"href":"https:\/\/tamangarment.com\/en\/wp-json\/wp\/v2\/pages\/28\/revisions"}],"wp:attachment":[{"href":"https:\/\/tamangarment.com\/en\/wp-json\/wp\/v2\/media?parent=28"}],"curies":[{"name":"wp","href":"https:\/\/api.w.org\/{rel}","templated":true}]}}